{"id":21,"date":"2019-05-24T14:21:51","date_gmt":"2019-05-24T13:21:51","guid":{"rendered":"http:\/\/kamery.top\/?page_id=21"},"modified":"2024-10-25T08:45:39","modified_gmt":"2024-10-25T07:45:39","slug":"kontakt","status":"publish","type":"page","link":"https:\/\/kamery.top\/?page_id=21","title":{"rendered":"Kontakt"},"content":{"rendered":"<p>Ond\u0159ej Linhart<br data-rich-text-line-break=\"true\" \/>Petrohradsk\u00e1 1436\/28<br data-rich-text-line-break=\"true\" \/>Praha 10 &#8211; Vr\u0161ovice, 101 00<br data-rich-text-line-break=\"true\" \/>I\u010c: 04092724<br \/>DI\u010c: CZ8912300771<br \/><!--StartFragment--><\/p>\n<p>olinhart89@gmail.com<br data-rich-text-line-break=\"true\" \/>+420 732 656 193<\/p>\n<p>Jsem pl\u00e1tcem DPH.<\/p>\n\n\n<p><\/p>\n","protected":false},"excerpt":{"rendered":"<p>Ond\u0159ej LinhartPetrohradsk\u00e1 1436\/28Praha 10 &#8211; Vr\u0161ovice, 101 00I\u010c: 04092724DI\u010c: CZ8912300771 olinhart89@gmail.com+420 732 656 193 Jsem pl\u00e1tcem DPH.<\/p>\n","protected":false},"author":1,"featured_media":0,"parent":0,"menu_order":0,"comment_status":"closed","ping_status":"closed","template":"","meta":{"footnotes":""},"class_list":["post-21","page","type-page","status-publish","hentry"],"_links":{"self":[{"href":"https:\/\/kamery.top\/index.php?rest_route=\/wp\/v2\/pages\/21"}],"collection":[{"href":"https:\/\/kamery.top\/index.php?rest_route=\/wp\/v2\/pages"}],"about":[{"href":"https:\/\/kamery.top\/index.php?rest_route=\/wp\/v2\/types\/page"}],"author":[{"embeddable":true,"href":"https:\/\/kamery.top\/index.php?rest_route=\/wp\/v2\/users\/1"}],"replies":[{"embeddable":true,"href":"https:\/\/kamery.top\/index.php?rest_route=%2Fwp%2Fv2%2Fcomments&post=21"}],"version-history":[{"count":3,"href":"https:\/\/kamery.top\/index.php?rest_route=\/wp\/v2\/pages\/21\/revisions"}],"predecessor-version":[{"id":110,"href":"https:\/\/kamery.top\/index.php?rest_route=\/wp\/v2\/pages\/21\/revisions\/110"}],"wp:attachment":[{"href":"https:\/\/kamery.top\/index.php?rest_route=%2Fwp%2Fv2%2Fmedia&parent=21"}],"curies":[{"name":"wp","href":"https:\/\/api.w.org\/{rel}","templated":true}]}}