{"id":23,"date":"2019-05-24T14:24:11","date_gmt":"2019-05-24T13:24:11","guid":{"rendered":"http:\/\/kamery.top\/?page_id=23"},"modified":"2019-05-24T16:21:51","modified_gmt":"2019-05-24T15:21:51","slug":"software","status":"publish","type":"page","link":"https:\/\/kamery.top\/?page_id=23","title":{"rendered":"Software"},"content":{"rendered":"<p>Na\u0161\u00ed hlavn\u00ed konkuren\u010dn\u00ed v\u00fdhodou na poli bezpe\u010dnostn\u00edch syst\u00e9mu je bezesporu n\u00e1\u0161 vlastn\u00ed obslu\u017en\u00fd software, kter\u00fd je mozkem cel\u00e9ho syst\u00e9mu.<br \/><!--StartFragment--><\/p>\n<p>Software je mo\u017en\u00e9 spustit prakticky na jak\u00e9mkoliv za\u0159\u00edzen\u00ed schopn\u00e9m provozovat Linux. Je tedy mo\u017en\u00e9 zcela p\u0159\u00edzp\u016fsobit infrastrukturu konkr\u00e9tn\u00edmu objektu a infrastrukturn\u00edm mo\u017enostem.<\/p>\n<p>Software zaji\u0161\u0165uje jednak nep\u0159etr\u017eit\u00fd z\u00e1znam ze v\u0161ech p\u0159ipojen\u00fdch kamer s automatick\u00fdm hl\u00edd\u00e1n\u00edm v\u00fdpadk\u016f a intuitivn\u00ed snahou co nejrychleji nav\u00e1zat spojen\u00ed s kamerou v p\u0159\u00edpad\u011b takov\u00e9ho v\u00fdpadku. D\u00e1le je mo\u017en\u00e9 kdykoliv vyvolat \u017eiv\u00fd obraz v re\u00e1ln\u00e9m \u010dase jak\u00e9koliv kamery a to jak z po\u010d\u00edta\u010de, tak i z mobiln\u00edho telefonu.<\/p>\n<p>Na cel\u00e9m z\u00e1znamu jsou pokro\u010dilou metodou analyzov\u00e1na pohybov\u00e1 data a ta jsou reprezentov\u00e1na li\u0161tou s barevnou \u0161k\u00e1lou (tzv. heat mapou), tak\u017ee je mo\u017en\u00e9 na prvn\u00ed pohled v administraci rozeznat momenty, kdy do\u0161lo k n\u011bjak\u00e9mu pohybu, ani\u017e by bylo t\u0159eba proch\u00e1zet hodiny hluch\u00fdch m\u00edst.<\/p>\n<p>Z\u00e1kazn\u00edk p\u0159istupuje k syst\u00e9mu pomoc\u00ed webov\u00e9ho prohl\u00ed\u017ee\u010de p\u0159es zabezpe\u010den\u00fd protokol HTTPS. Sou\u010d\u00e1st\u00ed dod\u00e1vky je vlastn\u00ed adresa na dom\u00e9n\u011b kamery.top v\u010detn\u011b d\u016fv\u011bryhodn\u011b podepsan\u00e9ho certifik\u00e1tu, v\u0161e podle modern\u00edch standard\u016f. Nen\u00ed t\u0159eba instalovat \u017e\u00e1dn\u00e9 pochybn\u00e9 moduly typu ActiveX nebo Flash. V\u0161e zkr\u00e1tka funguje okam\u017eit\u011b.<\/p>\n<p>Dle p\u0159\u00e1n\u00ed z\u00e1kazn\u00edka m\u016f\u017ee b\u00fdt syst\u00e9m provozov\u00e1n lok\u00e1ln\u011b v objektu s p\u0159\u00edstupem p\u0159es Internet, \u010di pln\u011b extern\u011b v hostingu.<\/p>\n<p>V p\u0159\u00edpad\u011b hostingu je syst\u00e9m zcela imunn\u00ed v\u016f\u010di vandalismu \u010di kr\u00e1de\u017ei nahr\u00e1vek &#8211; i p\u0159i zni\u010den\u00ed kamery je z\u00e1znam do posledn\u00ed vte\u0159iny p\u0159en\u00e1\u0161en na extern\u00ed server. Je ov\u0161em pot\u0159eba po\u010d\u00edtat s m\u011bs\u00ed\u010dn\u00edm poplatkem provozovateli hostingu. Hosting p\u0159\u00edmo neposkytujeme, ale sou\u010d\u00e1st\u00ed instalace syst\u00e9mu je p\u0159\u00edpadn\u00e9 doporu\u010den\u00ed vhodn\u00e9ho poskytovatele a konfigurace serveru.<\/p>\n<p>Rozhodne-li se z\u00e1kazn\u00edk provozovat syst\u00e9m na vlastn\u00edm serveru, m\u016f\u017ee j\u00edm b\u00fdt v p\u0159\u00edpad\u011b men\u0161\u00edho po\u010dtu kamer i minipo\u010d\u00edta\u010d typu Raspberry \u010di vy\u0159azen\u00fd kancel\u00e1\u0159sk\u00fd PC. V\u00fdhodou takov\u00e9 varianty jsou p\u0159edev\u0161\u00edm n\u00edzk\u00e9 po\u0159izovac\u00ed a udr\u017eovac\u00ed n\u00e1klady a tak\u00e9 snadn\u00e9 fyzick\u00e9 zabezpe\u010den\u00ed po\u010d\u00edta\u010de v objektu.<\/p>\n<p>Software je postaven\u00fd na ot\u0159ev\u0159en\u00fdch technologi\u00edch a z\u00e1kazn\u00edk si jej m\u016f\u017ee v p\u0159\u00edpad\u011b pot\u0159eby i s\u00e1m upravit &#8211; mo\u017enost ur\u010den\u00e1 p\u0159edev\u0161\u00edm z\u00e1kazn\u00edk\u016fm technologicky zdatn\u00fdm.<\/p>\n\n\n<p><\/p>\n","protected":false},"excerpt":{"rendered":"<p>Na\u0161\u00ed hlavn\u00ed konkuren\u010dn\u00ed v\u00fdhodou na poli bezpe\u010dnostn\u00edch syst\u00e9mu je bezesporu n\u00e1\u0161 vlastn\u00ed obslu\u017en\u00fd software, kter\u00fd je mozkem cel\u00e9ho syst\u00e9mu. Software je mo\u017en\u00e9 spustit prakticky na jak\u00e9mkoliv za\u0159\u00edzen\u00ed schopn\u00e9m provozovat Linux. Je tedy mo\u017en\u00e9 zcela p\u0159\u00edzp\u016fsobit infrastrukturu konkr\u00e9tn\u00edmu objektu a infrastrukturn\u00edm mo\u017enostem. Software zaji\u0161\u0165uje jednak nep\u0159etr\u017eit\u00fd z\u00e1znam ze v\u0161ech p\u0159ipojen\u00fdch kamer s automatick\u00fdm hl\u00edd\u00e1n\u00edm v\u00fdpadk\u016f a [&hellip;]<\/p>\n","protected":false},"author":1,"featured_media":0,"parent":0,"menu_order":0,"comment_status":"closed","ping_status":"closed","template":"","meta":{"footnotes":""},"class_list":["post-23","page","type-page","status-publish","hentry"],"_links":{"self":[{"href":"https:\/\/kamery.top\/index.php?rest_route=\/wp\/v2\/pages\/23"}],"collection":[{"href":"https:\/\/kamery.top\/index.php?rest_route=\/wp\/v2\/pages"}],"about":[{"href":"https:\/\/kamery.top\/index.php?rest_route=\/wp\/v2\/types\/page"}],"author":[{"embeddable":true,"href":"https:\/\/kamery.top\/index.php?rest_route=\/wp\/v2\/users\/1"}],"replies":[{"embeddable":true,"href":"https:\/\/kamery.top\/index.php?rest_route=%2Fwp%2Fv2%2Fcomments&post=23"}],"version-history":[{"count":4,"href":"https:\/\/kamery.top\/index.php?rest_route=\/wp\/v2\/pages\/23\/revisions"}],"predecessor-version":[{"id":88,"href":"https:\/\/kamery.top\/index.php?rest_route=\/wp\/v2\/pages\/23\/revisions\/88"}],"wp:attachment":[{"href":"https:\/\/kamery.top\/index.php?rest_route=%2Fwp%2Fv2%2Fmedia&parent=23"}],"curies":[{"name":"wp","href":"https:\/\/api.w.org\/{rel}","templated":true}]}}