{"id":27,"date":"2019-05-24T14:26:37","date_gmt":"2019-05-24T13:26:37","guid":{"rendered":"http:\/\/kamery.top\/?page_id=27"},"modified":"2019-05-24T16:17:25","modified_gmt":"2019-05-24T15:17:25","slug":"o-nas","status":"publish","type":"page","link":"https:\/\/kamery.top\/","title":{"rendered":"O n\u00e1s"},"content":{"rendered":"<p>Nab\u00edz\u00edme bezpe\u010dnostn\u00ed kamerov\u00e9 syst\u00e9my pro bytov\u00e9 domy, rodinn\u00e9 domy i komer\u010dn\u00ed objekty.<br \/>\n<!--StartFragment--><\/p>\n<p>Ke ka\u017ed\u00e9 popt\u00e1vce p\u0159istupujeme individu\u00e1ln\u011b a jsme schopni pokr\u00fdt i nestandardn\u00ed po\u017eadavky. Na\u0161i v\u00fdhodou oproti konkurenci je vlastn\u00ed univerz\u00e1ln\u00ed software, kter\u00fd je postaven\u00fd na otev\u0159en\u00fdch technologi\u00edch a je mo\u017en\u00e9 jej dle p\u0159\u00e1n\u00ed z\u00e1kazn\u00edka jakkoliv upravit.<\/p>\n<p>Kamery, kter\u00e9 dod\u00e1v\u00e1me se nezaleknou ani nep\u0159\u00edzniv\u00fdch sv\u011bteln\u00fdch \u010di pov\u011btrnostn\u00edch podm\u00ednek. K z\u00e1znam\u016fm ale i \u017eiv\u00e9mu obrazu m\u00e1te p\u0159\u00edstup odkudkoliv p\u0159es Internet, okam\u017eit\u011b a na jak\u00e9mkoliv stoln\u00edm \u010di mobiln\u00edm za\u0159\u00edzen\u00ed. Podm\u00ednkou je pouze webov\u00fd prohl\u00ed\u017ee\u010d.<\/p>\n","protected":false},"excerpt":{"rendered":"<p>Nab\u00edz\u00edme bezpe\u010dnostn\u00ed kamerov\u00e9 syst\u00e9my pro bytov\u00e9 domy, rodinn\u00e9 domy i komer\u010dn\u00ed objekty. Ke ka\u017ed\u00e9 popt\u00e1vce p\u0159istupujeme individu\u00e1ln\u011b a jsme schopni pokr\u00fdt i nestandardn\u00ed po\u017eadavky. Na\u0161i v\u00fdhodou oproti konkurenci je vlastn\u00ed univerz\u00e1ln\u00ed software, kter\u00fd je postaven\u00fd na otev\u0159en\u00fdch technologi\u00edch a je mo\u017en\u00e9 jej dle p\u0159\u00e1n\u00ed z\u00e1kazn\u00edka jakkoliv upravit. Kamery, kter\u00e9 dod\u00e1v\u00e1me se nezaleknou ani nep\u0159\u00edzniv\u00fdch sv\u011bteln\u00fdch [&hellip;]<\/p>\n","protected":false},"author":1,"featured_media":0,"parent":0,"menu_order":0,"comment_status":"closed","ping_status":"closed","template":"","meta":{"footnotes":""},"class_list":["post-27","page","type-page","status-publish","hentry"],"_links":{"self":[{"href":"https:\/\/kamery.top\/index.php?rest_route=\/wp\/v2\/pages\/27"}],"collection":[{"href":"https:\/\/kamery.top\/index.php?rest_route=\/wp\/v2\/pages"}],"about":[{"href":"https:\/\/kamery.top\/index.php?rest_route=\/wp\/v2\/types\/page"}],"author":[{"embeddable":true,"href":"https:\/\/kamery.top\/index.php?rest_route=\/wp\/v2\/users\/1"}],"replies":[{"embeddable":true,"href":"https:\/\/kamery.top\/index.php?rest_route=%2Fwp%2Fv2%2Fcomments&post=27"}],"version-history":[{"count":2,"href":"https:\/\/kamery.top\/index.php?rest_route=\/wp\/v2\/pages\/27\/revisions"}],"predecessor-version":[{"id":87,"href":"https:\/\/kamery.top\/index.php?rest_route=\/wp\/v2\/pages\/27\/revisions\/87"}],"wp:attachment":[{"href":"https:\/\/kamery.top\/index.php?rest_route=%2Fwp%2Fv2%2Fmedia&parent=27"}],"curies":[{"name":"wp","href":"https:\/\/api.w.org\/{rel}","templated":true}]}}