{"id":29,"date":"2019-05-24T14:27:45","date_gmt":"2019-05-24T13:27:45","guid":{"rendered":"http:\/\/kamery.top\/?page_id=29"},"modified":"2024-10-25T08:55:08","modified_gmt":"2024-10-25T07:55:08","slug":"cenik","status":"publish","type":"page","link":"https:\/\/kamery.top\/?page_id=29","title":{"rendered":"Cen\u00edk"},"content":{"rendered":"<p>Pro maxim\u00e1ln\u00ed zjednodu\u0161en\u00ed odhadu cen pou\u017e\u00edv\u00e1me jednotn\u00fd model kamery pro v\u0161echny typy mont\u00e1\u017e\u00ed.<br \/><!--StartFragment--><\/p>\n\n\n<figure class=\"wp-block-table is-style-regular\"><table><tbody><tr><td>Polo\u017eka<\/td><td>Cena<\/td><td>Popis<\/td><\/tr><tr><td>Kamera<\/td><td>2500 K\u010d\/ks<\/td><td>Bezpe\u010dnostn\u00ed kamera dle popisu zde na webu<\/td><\/tr><tr><td>Zdroj<\/td><td>500 K\u010d\/ks<\/td><td>Nap\u00e1jec\u00ed zdroj pro 3 kamery najednou<\/td><\/tr><tr><td>POE Switch<\/td><td><\/td><td>Pro varianty kamer nap\u00e1jen\u00fdch p\u0159\u00edmo POE switchem vybereme odpov\u00eddaj\u00edc\u00ed za\u0159\u00edzen\u00ed od dodavatele<\/td><\/tr><tr><td>Software<\/td><td>5000 K\u010d\/ks<\/td><td>Cena trvale platn\u00e9 licence na n\u00e1\u0161 z\u00e1znamov\u00fd software<\/td><\/tr><tr><td>Instala\u010dn\u00ed pr\u00e1ce<\/td><td>500 K\u010d\/hod<\/td><td>Instala\u010dn\u00ed pr\u00e1ce jak fyzick\u00e9 tak i softwarov\u00e9. Stejn\u00e1 sazba je \u00fa\u010dtov\u00e1na i p\u0159i \u00faprav\u00e1ch na zak\u00e1zku oproti standardn\u00edmu stavu.<\/td><\/tr><tr><td>Instala\u010dn\u00ed materi\u00e1l<\/td><td><\/td><td>Ve\u0161ker\u00fd instala\u010dn\u00ed materi\u00e1l jako kabely, li\u0161ty, spojovac\u00ed materi\u00e1l aj. je vy\u00fa\u010dtov\u00e1n z\u00e1kazn\u00edkovi.<\/td><\/tr><\/tbody><\/table><figcaption class=\"wp-element-caption\">Uveden\u00e9 ceny jsou bez DPH.<\/figcaption><\/figure>\n\n\n<p><!--EndFragment--><\/p>","protected":false},"excerpt":{"rendered":"<p>Pro maxim\u00e1ln\u00ed zjednodu\u0161en\u00ed odhadu cen pou\u017e\u00edv\u00e1me jednotn\u00fd model kamery pro v\u0161echny typy mont\u00e1\u017e\u00ed. Polo\u017eka Cena Popis Kamera 2500 K\u010d\/ks Bezpe\u010dnostn\u00ed kamera dle popisu zde na webu Zdroj 500 K\u010d\/ks Nap\u00e1jec\u00ed zdroj pro 3 kamery najednou POE Switch Pro varianty kamer nap\u00e1jen\u00fdch p\u0159\u00edmo POE switchem vybereme odpov\u00eddaj\u00edc\u00ed za\u0159\u00edzen\u00ed od dodavatele Software 5000 K\u010d\/ks Cena trvale platn\u00e9 [&hellip;]<\/p>\n","protected":false},"author":1,"featured_media":0,"parent":0,"menu_order":0,"comment_status":"closed","ping_status":"closed","template":"","meta":{"footnotes":""},"class_list":["post-29","page","type-page","status-publish","hentry"],"_links":{"self":[{"href":"https:\/\/kamery.top\/index.php?rest_route=\/wp\/v2\/pages\/29"}],"collection":[{"href":"https:\/\/kamery.top\/index.php?rest_route=\/wp\/v2\/pages"}],"about":[{"href":"https:\/\/kamery.top\/index.php?rest_route=\/wp\/v2\/types\/page"}],"author":[{"embeddable":true,"href":"https:\/\/kamery.top\/index.php?rest_route=\/wp\/v2\/users\/1"}],"replies":[{"embeddable":true,"href":"https:\/\/kamery.top\/index.php?rest_route=%2Fwp%2Fv2%2Fcomments&post=29"}],"version-history":[{"count":3,"href":"https:\/\/kamery.top\/index.php?rest_route=\/wp\/v2\/pages\/29\/revisions"}],"predecessor-version":[{"id":112,"href":"https:\/\/kamery.top\/index.php?rest_route=\/wp\/v2\/pages\/29\/revisions\/112"}],"wp:attachment":[{"href":"https:\/\/kamery.top\/index.php?rest_route=%2Fwp%2Fv2%2Fmedia&parent=29"}],"curies":[{"name":"wp","href":"https:\/\/api.w.org\/{rel}","templated":true}]}}