{"id":31,"date":"2019-05-24T14:28:15","date_gmt":"2019-05-24T13:28:15","guid":{"rendered":"http:\/\/kamery.top\/?page_id=31"},"modified":"2019-05-24T16:43:42","modified_gmt":"2019-05-24T15:43:42","slug":"ukazky","status":"publish","type":"page","link":"https:\/\/kamery.top\/?page_id=31","title":{"rendered":"Uk\u00e1zky"},"content":{"rendered":"\n<p> L\u00e9pe ne\u017e sebelep\u0161\u00ed marketingov\u00e9 pov\u00edd\u00e1n\u00ed nakonec p\u016fsob\u00ed skute\u010dn\u00e9 uk\u00e1zky.  Zde proto najdete neretu\u0161ovan\u00e9 vzorky z\u00e1znam\u016f z n\u00e1mi instalovan\u00fdch kamer v r\u016fzn\u00fdch podm\u00ednk\u00e1ch. Z\u00e1znamy byly pouze bezztr\u00e1tov\u011b o\u0159\u00edznuty. Doporu\u010dujeme p\u0159epnout na celou obrazovku.<\/p>\n\n\n\n<figure class=\"wp-block-video\"><video controls src=\"http:\/\/kamery.top\/wp-content\/uploads\/2019\/05\/indoor_light.mp4\"><\/video><figcaption>Pr\u016fjezd bytov\u00e9ho domu (den)<br><\/figcaption><\/figure>\n\n\n\n<figure class=\"wp-block-video\"><video controls src=\"http:\/\/kamery.top\/wp-content\/uploads\/2019\/05\/indoor_dark.mp4\"><\/video><figcaption>Vstup do sklepa a v\u00fdtahu bytov\u00e9ho domu (noc)<br><\/figcaption><\/figure>\n\n\n\n<figure class=\"wp-block-video\"><video controls src=\"http:\/\/kamery.top\/wp-content\/uploads\/2019\/05\/outdoor_light.mp4\"><\/video><figcaption>Popelnice bytov\u00e9ho domu za de\u0161t\u011b<br><\/figcaption><\/figure>\n\n\n\n<figure class=\"wp-block-video\"><video controls src=\"http:\/\/kamery.top\/wp-content\/uploads\/2019\/05\/indoor_light2.mp4\"><\/video><figcaption>Kuchyn\u011b rodinn\u00e9ho domu ve dne<br><\/figcaption><\/figure>\n\n\n\n<figure class=\"wp-block-video\"><video controls src=\"http:\/\/kamery.top\/wp-content\/uploads\/2019\/05\/outdoor_night_cat.mp4\"><\/video><figcaption>Dv\u016fr rodinn\u00e9ho domu v noci &#8211; pohyb ko\u010dky<\/figcaption><\/figure>\n\n\n\n<figure class=\"wp-block-video\"><video controls src=\"http:\/\/kamery.top\/wp-content\/uploads\/2019\/05\/outdoor_wdr.mp4\"><\/video><figcaption>Dv\u016fr rodinn\u00e9ho domu p\u0159i p\u0159esv\u00edcen\u00ed sluncem (s funkc\u00ed WDR) &#8211; v\u0161echny \u010d\u00e1sti obrazu jsou st\u00e1le z\u0159eteln\u00e9 navzdory velk\u00e9mu rozd\u00edlu ve sv\u011btle<\/figcaption><\/figure>\n\n\n\n<p>N\u00e1sleduj\u00ed sn\u00edmky obrazovky ze z\u00e1znamov\u00e9ho syst\u00e9mu na PC. Pov\u0161imn\u011bte si modr\u00fdch prou\u017ek\u016f u ka\u017ed\u00e9ho videa s ob\u010dasn\u00fdm zabarven\u00edm p\u0159es \u010dervenou a\u017e do \u017eluta &#8211; jedn\u00e1 se o mapy intenzity detekovan\u00e9ho pohybu. U\u017eivatel m\u016f\u017ee video p\u0159eskakovat pomoc\u00ed standardn\u00edch ovl\u00e1dac\u00edch prvk\u016f u videa, ale t\u00e9\u017e klik\u00e1n\u00edm na li\u0161tu s detekc\u00ed pohybu &#8211; kliknut\u00edm na li\u0161tu video p\u0159esko\u010d\u00ed na dan\u00e9 m\u00edsto v z\u00e1znamu.<\/p>\n\n\n\n<figure class=\"wp-block-image\"><img loading=\"lazy\" decoding=\"async\" width=\"904\" height=\"540\" src=\"http:\/\/kamery.top\/wp-content\/uploads\/2019\/05\/screen_pc-904x540.png\" alt=\"\" class=\"wp-image-60\" srcset=\"https:\/\/kamery.top\/wp-content\/uploads\/2019\/05\/screen_pc-904x540.png 904w, https:\/\/kamery.top\/wp-content\/uploads\/2019\/05\/screen_pc-301x180.png 301w, https:\/\/kamery.top\/wp-content\/uploads\/2019\/05\/screen_pc-768x459.png 768w, https:\/\/kamery.top\/wp-content\/uploads\/2019\/05\/screen_pc.png 1440w\" sizes=\"(max-width: 904px) 100vw, 904px\" \/><figcaption>Seznam z\u00e1znam\u016f<\/figcaption><\/figure>\n\n\n\n<figure class=\"wp-block-image\"><img loading=\"lazy\" decoding=\"async\" width=\"904\" height=\"540\" src=\"http:\/\/kamery.top\/wp-content\/uploads\/2019\/05\/screen_playa-904x540.png\" alt=\"\" class=\"wp-image-61\" srcset=\"https:\/\/kamery.top\/wp-content\/uploads\/2019\/05\/screen_playa-904x540.png 904w, https:\/\/kamery.top\/wp-content\/uploads\/2019\/05\/screen_playa-301x180.png 301w, https:\/\/kamery.top\/wp-content\/uploads\/2019\/05\/screen_playa-768x459.png 768w, https:\/\/kamery.top\/wp-content\/uploads\/2019\/05\/screen_playa.png 1440w\" sizes=\"(max-width: 904px) 100vw, 904px\" \/><figcaption>P\u0159ehr\u00e1va\u010d z\u00e1znamu<\/figcaption><\/figure>\n\n\n\n<p>Nakonec p\u00e1r sn\u00edmk\u016f obrazovky mobiln\u00edho telefonu:<\/p>\n\n\n\n<ul class=\"wp-block-gallery columns-3 is-cropped wp-block-gallery-1 is-layout-flex wp-block-gallery-is-layout-flex\"><li class=\"blocks-gallery-item\"><figure><img loading=\"lazy\" decoding=\"async\" width=\"304\" height=\"540\" src=\"http:\/\/kamery.top\/wp-content\/uploads\/2019\/05\/Screenshot_20190524-172953-304x540.png\" alt=\"\" data-id=\"95\" data-link=\"http:\/\/kamery.top\/?attachment_id=95\" class=\"wp-image-95\" srcset=\"https:\/\/kamery.top\/wp-content\/uploads\/2019\/05\/Screenshot_20190524-172953-304x540.png 304w, https:\/\/kamery.top\/wp-content\/uploads\/2019\/05\/Screenshot_20190524-172953-101x180.png 101w, https:\/\/kamery.top\/wp-content\/uploads\/2019\/05\/Screenshot_20190524-172953.png 720w\" sizes=\"(max-width: 304px) 100vw, 304px\" \/><figcaption>Seznam kamer<\/figcaption><\/figure><\/li><li class=\"blocks-gallery-item\"><figure><img loading=\"lazy\" decoding=\"async\" width=\"304\" height=\"540\" src=\"http:\/\/kamery.top\/wp-content\/uploads\/2019\/05\/Screenshot_20190524-172958-304x540.png\" alt=\"\" data-id=\"96\" data-link=\"http:\/\/kamery.top\/?attachment_id=96\" class=\"wp-image-96\" srcset=\"https:\/\/kamery.top\/wp-content\/uploads\/2019\/05\/Screenshot_20190524-172958-304x540.png 304w, https:\/\/kamery.top\/wp-content\/uploads\/2019\/05\/Screenshot_20190524-172958-101x180.png 101w, https:\/\/kamery.top\/wp-content\/uploads\/2019\/05\/Screenshot_20190524-172958.png 720w\" sizes=\"(max-width: 304px) 100vw, 304px\" \/><figcaption>Zaznamenan\u00e9 dny<\/figcaption><\/figure><\/li><li class=\"blocks-gallery-item\"><figure><img loading=\"lazy\" decoding=\"async\" width=\"304\" height=\"540\" src=\"http:\/\/kamery.top\/wp-content\/uploads\/2019\/05\/Screenshot_20190524-173022-304x540.png\" alt=\"\" data-id=\"97\" data-link=\"http:\/\/kamery.top\/?attachment_id=97\" class=\"wp-image-97\" srcset=\"https:\/\/kamery.top\/wp-content\/uploads\/2019\/05\/Screenshot_20190524-173022-304x540.png 304w, https:\/\/kamery.top\/wp-content\/uploads\/2019\/05\/Screenshot_20190524-173022-101x180.png 101w, https:\/\/kamery.top\/wp-content\/uploads\/2019\/05\/Screenshot_20190524-173022.png 720w\" sizes=\"(max-width: 304px) 100vw, 304px\" \/><figcaption>Z\u00e1znamy v dan\u00fd den<\/figcaption><\/figure><\/li><li class=\"blocks-gallery-item\"><figure><img loading=\"lazy\" decoding=\"async\" width=\"960\" height=\"540\" src=\"http:\/\/kamery.top\/wp-content\/uploads\/2019\/05\/Screenshot_20190524-173100-960x540.png\" alt=\"\" data-id=\"98\" data-link=\"http:\/\/kamery.top\/?attachment_id=98\" class=\"wp-image-98\" srcset=\"https:\/\/kamery.top\/wp-content\/uploads\/2019\/05\/Screenshot_20190524-173100-960x540.png 960w, https:\/\/kamery.top\/wp-content\/uploads\/2019\/05\/Screenshot_20190524-173100-160x90.png 160w, https:\/\/kamery.top\/wp-content\/uploads\/2019\/05\/Screenshot_20190524-173100-320x180.png 320w, https:\/\/kamery.top\/wp-content\/uploads\/2019\/05\/Screenshot_20190524-173100-768x432.png 768w, https:\/\/kamery.top\/wp-content\/uploads\/2019\/05\/Screenshot_20190524-173100.png 1280w\" sizes=\"(max-width: 960px) 100vw, 960px\" \/><figcaption>P\u0159\u00edm\u00fd p\u0159enos<\/figcaption><\/figure><\/li><\/ul>\n","protected":false},"excerpt":{"rendered":"<p>L\u00e9pe ne\u017e sebelep\u0161\u00ed marketingov\u00e9 pov\u00edd\u00e1n\u00ed nakonec p\u016fsob\u00ed skute\u010dn\u00e9 uk\u00e1zky. Zde proto najdete neretu\u0161ovan\u00e9 vzorky z\u00e1znam\u016f z n\u00e1mi instalovan\u00fdch kamer v r\u016fzn\u00fdch podm\u00ednk\u00e1ch. Z\u00e1znamy byly pouze bezztr\u00e1tov\u011b o\u0159\u00edznuty. Doporu\u010dujeme p\u0159epnout na celou obrazovku. N\u00e1sleduj\u00ed sn\u00edmky obrazovky ze z\u00e1znamov\u00e9ho syst\u00e9mu na PC. Pov\u0161imn\u011bte si modr\u00fdch prou\u017ek\u016f u ka\u017ed\u00e9ho videa s ob\u010dasn\u00fdm zabarven\u00edm p\u0159es \u010dervenou a\u017e do \u017eluta [&hellip;]<\/p>\n","protected":false},"author":1,"featured_media":0,"parent":0,"menu_order":0,"comment_status":"closed","ping_status":"closed","template":"","meta":{"footnotes":""},"class_list":["post-31","page","type-page","status-publish","hentry"],"_links":{"self":[{"href":"https:\/\/kamery.top\/index.php?rest_route=\/wp\/v2\/pages\/31"}],"collection":[{"href":"https:\/\/kamery.top\/index.php?rest_route=\/wp\/v2\/pages"}],"about":[{"href":"https:\/\/kamery.top\/index.php?rest_route=\/wp\/v2\/types\/page"}],"author":[{"embeddable":true,"href":"https:\/\/kamery.top\/index.php?rest_route=\/wp\/v2\/users\/1"}],"replies":[{"embeddable":true,"href":"https:\/\/kamery.top\/index.php?rest_route=%2Fwp%2Fv2%2Fcomments&post=31"}],"version-history":[{"count":12,"href":"https:\/\/kamery.top\/index.php?rest_route=\/wp\/v2\/pages\/31\/revisions"}],"predecessor-version":[{"id":100,"href":"https:\/\/kamery.top\/index.php?rest_route=\/wp\/v2\/pages\/31\/revisions\/100"}],"wp:attachment":[{"href":"https:\/\/kamery.top\/index.php?rest_route=%2Fwp%2Fv2%2Fmedia&parent=31"}],"curies":[{"name":"wp","href":"https:\/\/api.w.org\/{rel}","templated":true}]}}